{"id":34,"date":"2024-06-19T18:55:39","date_gmt":"2024-06-19T18:55:39","guid":{"rendered":"https:\/\/eltam.net\/?page_id=34"},"modified":"2024-06-20T11:01:07","modified_gmt":"2024-06-20T11:01:07","slug":"yayinlarimiz","status":"publish","type":"page","link":"https:\/\/eltam.net\/index.php\/yayinlarimiz\/","title":{"rendered":"Yay\u0131nlar\u0131m\u0131z"},"content":{"rendered":"\n<figure class=\"wp-block-image size-large is-resized\"><img loading=\"lazy\" decoding=\"async\" width=\"1024\" height=\"1024\" src=\"https:\/\/eltam.net\/wp-content\/uploads\/2024\/06\/Birkac-satir-govde-metni-ekle-1024x1024.png\" alt=\"\" class=\"wp-image-86\" style=\"width:340px;height:auto\" srcset=\"https:\/\/eltam.net\/wp-content\/uploads\/2024\/06\/Birkac-satir-govde-metni-ekle-1024x1024.png 1024w, https:\/\/eltam.net\/wp-content\/uploads\/2024\/06\/Birkac-satir-govde-metni-ekle-300x300.png 300w, https:\/\/eltam.net\/wp-content\/uploads\/2024\/06\/Birkac-satir-govde-metni-ekle-150x150.png 150w, https:\/\/eltam.net\/wp-content\/uploads\/2024\/06\/Birkac-satir-govde-metni-ekle-768x768.png 768w, https:\/\/eltam.net\/wp-content\/uploads\/2024\/06\/Birkac-satir-govde-metni-ekle.png 1080w\" sizes=\"auto, (max-width: 1024px) 100vw, 1024px\" \/><\/figure>\n\n\n\n<figure class=\"wp-block-image size-large is-resized\"><img loading=\"lazy\" decoding=\"async\" width=\"1024\" height=\"1024\" src=\"https:\/\/eltam.net\/wp-content\/uploads\/2024\/06\/Birkac-satir-govde-metni-ekle-2-1024x1024.png\" alt=\"\" class=\"wp-image-87\" style=\"width:341px;height:auto\" srcset=\"https:\/\/eltam.net\/wp-content\/uploads\/2024\/06\/Birkac-satir-govde-metni-ekle-2-1024x1024.png 1024w, https:\/\/eltam.net\/wp-content\/uploads\/2024\/06\/Birkac-satir-govde-metni-ekle-2-300x300.png 300w, https:\/\/eltam.net\/wp-content\/uploads\/2024\/06\/Birkac-satir-govde-metni-ekle-2-150x150.png 150w, https:\/\/eltam.net\/wp-content\/uploads\/2024\/06\/Birkac-satir-govde-metni-ekle-2-768x768.png 768w, https:\/\/eltam.net\/wp-content\/uploads\/2024\/06\/Birkac-satir-govde-metni-ekle-2.png 1080w\" sizes=\"auto, (max-width: 1024px) 100vw, 1024px\" \/><\/figure>\n\n\n\n<figure class=\"wp-block-image size-large is-resized\"><img loading=\"lazy\" decoding=\"async\" width=\"1024\" height=\"1024\" src=\"https:\/\/eltam.net\/wp-content\/uploads\/2024\/06\/Birkac-satir-govde-metni-ekle-3-1024x1024.png\" alt=\"\" class=\"wp-image-89\" style=\"width:345px;height:auto\" srcset=\"https:\/\/eltam.net\/wp-content\/uploads\/2024\/06\/Birkac-satir-govde-metni-ekle-3-1024x1024.png 1024w, https:\/\/eltam.net\/wp-content\/uploads\/2024\/06\/Birkac-satir-govde-metni-ekle-3-300x300.png 300w, https:\/\/eltam.net\/wp-content\/uploads\/2024\/06\/Birkac-satir-govde-metni-ekle-3-150x150.png 150w, https:\/\/eltam.net\/wp-content\/uploads\/2024\/06\/Birkac-satir-govde-metni-ekle-3-768x768.png 768w, https:\/\/eltam.net\/wp-content\/uploads\/2024\/06\/Birkac-satir-govde-metni-ekle-3.png 1080w\" sizes=\"auto, (max-width: 1024px) 100vw, 1024px\" \/><\/figure>\n","protected":false},"excerpt":{"rendered":"","protected":false},"author":1,"featured_media":0,"parent":0,"menu_order":0,"comment_status":"closed","ping_status":"closed","template":"","meta":{"footnotes":""},"class_list":["post-34","page","type-page","status-publish","hentry"],"_links":{"self":[{"href":"https:\/\/eltam.net\/index.php\/wp-json\/wp\/v2\/pages\/34","targetHints":{"allow":["GET"]}}],"collection":[{"href":"https:\/\/eltam.net\/index.php\/wp-json\/wp\/v2\/pages"}],"about":[{"href":"https:\/\/eltam.net\/index.php\/wp-json\/wp\/v2\/types\/page"}],"author":[{"embeddable":true,"href":"https:\/\/eltam.net\/index.php\/wp-json\/wp\/v2\/users\/1"}],"replies":[{"embeddable":true,"href":"https:\/\/eltam.net\/index.php\/wp-json\/wp\/v2\/comments?post=34"}],"version-history":[{"count":3,"href":"https:\/\/eltam.net\/index.php\/wp-json\/wp\/v2\/pages\/34\/revisions"}],"predecessor-version":[{"id":90,"href":"https:\/\/eltam.net\/index.php\/wp-json\/wp\/v2\/pages\/34\/revisions\/90"}],"wp:attachment":[{"href":"https:\/\/eltam.net\/index.php\/wp-json\/wp\/v2\/media?parent=34"}],"curies":[{"name":"wp","href":"https:\/\/api.w.org\/{rel}","templated":true}]}}